{"id":491,"date":"2025-06-10T17:44:04","date_gmt":"2025-06-10T20:44:04","guid":{"rendered":"https:\/\/vistacapital.com.br\/?page_id=491"},"modified":"2026-04-14T17:47:42","modified_gmt":"2026-04-14T20:47:42","slug":"vista-multiestrategia","status":"publish","type":"page","link":"https:\/\/vistacapital.com.br\/en\/vista-multiestrategia\/","title":{"rendered":"Vista Multiestrat\u00e9gia"},"content":{"rendered":"\t\t<div data-elementor-type=\"wp-page\" data-elementor-id=\"491\" class=\"elementor elementor-491 elementor-371\" data-elementor-post-type=\"page\">\n\t\t\t\t<div class=\"elementor-element elementor-element-30ff8e8 e-flex e-con-boxed e-con e-parent\" data-id=\"30ff8e8\" data-element_type=\"container\" data-e-type=\"container\" data-settings=\"{&quot;background_background&quot;:&quot;classic&quot;}\">\n\t\t\t\t\t<div class=\"e-con-inner\">\n\t\t<div class=\"elementor-element elementor-element-aff155c e-con-full e-flex e-con e-child\" data-id=\"aff155c\" data-element_type=\"container\" data-e-type=\"container\">\n\t\t\t\t<div class=\"elementor-element elementor-element-55ee1c2 elementor-widget elementor-widget-heading\" data-id=\"55ee1c2\" data-element_type=\"widget\" data-e-type=\"widget\" data-widget_type=\"heading.default\">\n\t\t\t\t<div class=\"elementor-widget-container\">\n\t\t\t\t\t<h2 class=\"elementor-heading-title elementor-size-default\">Investment Funds<\/h2>\t\t\t\t<\/div>\n\t\t\t\t<\/div>\n\t\t\t\t<\/div>\n\t\t\t\t\t<\/div>\n\t\t\t\t<\/div>\n\t\t<div class=\"elementor-element elementor-element-582131c e-flex e-con-boxed e-con e-parent\" data-id=\"582131c\" data-element_type=\"container\" data-e-type=\"container\">\n\t\t\t\t\t<div class=\"e-con-inner\">\n\t\t\t\t<div class=\"elementor-element elementor-element-ea4b72c elementor-widget__width-inherit elementor-widget elementor-widget-heading\" data-id=\"ea4b72c\" data-element_type=\"widget\" data-e-type=\"widget\" data-widget_type=\"heading.default\">\n\t\t\t\t<div class=\"elementor-widget-container\">\n\t\t\t\t\t<h2 class=\"elementor-heading-title elementor-size-default\">Vista Multiestrat\u00e9gia<\/h2>\t\t\t\t<\/div>\n\t\t\t\t<\/div>\n\t\t<div class=\"elementor-element elementor-element-7d2ecd9 e-con-full e-flex e-con e-child\" data-id=\"7d2ecd9\" data-element_type=\"container\" data-e-type=\"container\">\n\t\t<div class=\"elementor-element elementor-element-d3eac58 e-con-full e-flex e-con e-child\" data-id=\"d3eac58\" data-element_type=\"container\" data-e-type=\"container\">\n\t\t\t\t<div class=\"elementor-element elementor-element-bd95de3 elementor-widget elementor-widget-heading\" data-id=\"bd95de3\" data-element_type=\"widget\" data-e-type=\"widget\" data-widget_type=\"heading.default\">\n\t\t\t\t<div class=\"elementor-widget-container\">\n\t\t\t\t\t<h2 class=\"elementor-heading-title elementor-size-default\">Description<\/h2>\t\t\t\t<\/div>\n\t\t\t\t<\/div>\n\t\t\t\t<div class=\"elementor-element elementor-element-51d9e78 elementor-widget elementor-widget-text-editor\" data-id=\"51d9e78\" data-element_type=\"widget\" data-e-type=\"widget\" data-widget_type=\"text-editor.default\">\n\t\t\t\t<div class=\"elementor-widget-container\">\n\t\t\t\t\t\t\t\t\t<p>Vista Multiestrat\u00e9gia is the more aggressive fund of our discretionary Global Macro strategy and aims for long-term absolute and uncorrelated returns, while mitigating the risk of permanent capital loss.<\/p><p>The strategy seeks to build a balanced portfolio by combining directional and relative value investments with hedging instruments to protect its core positions, across a diverse range of asset classes such as equities, commodities, currencies, and fixed income.<\/p>\t\t\t\t\t\t\t\t<\/div>\n\t\t\t\t<\/div>\n\t\t\t\t<\/div>\n\t\t\t\t<\/div>\n\t\t\t\t\t<\/div>\n\t\t\t\t<\/div>\n\t\t<div class=\"elementor-element elementor-element-63ccae2 e-flex e-con-boxed e-con e-parent\" data-id=\"63ccae2\" data-element_type=\"container\" data-e-type=\"container\">\n\t\t\t\t\t<div class=\"e-con-inner\">\n\t\t<div class=\"elementor-element elementor-element-b3fee22 e-con-full e-flex e-con e-child\" data-id=\"b3fee22\" data-element_type=\"container\" data-e-type=\"container\">\n\t\t\t\t<div class=\"elementor-element elementor-element-e674761 elementor-mobile-align-center elementor-tablet-align-center elementor-align-center elementor-widget elementor-widget-button\" data-id=\"e674761\" data-element_type=\"widget\" data-e-type=\"widget\" data-widget_type=\"button.default\">\n\t\t\t\t<div class=\"elementor-widget-container\">\n\t\t\t\t\t\t\t\t\t<div class=\"elementor-button-wrapper\">\n\t\t\t\t\t<a class=\"elementor-button elementor-button-link elementor-size-sm\" href=\"https:\/\/docsend.com\/view\/d5ybhwunts2pi65y\" target=\"_blank\">\n\t\t\t\t\t\t<span class=\"elementor-button-content-wrapper\">\n\t\t\t\t\t\t<span class=\"elementor-button-icon\">\n\t\t\t\t<svg aria-hidden=\"true\" class=\"e-font-icon-svg e-fas-long-arrow-alt-right\" viewBox=\"0 0 448 512\" xmlns=\"http:\/\/www.w3.org\/2000\/svg\"><path d=\"M313.941 216H12c-6.627 0-12 5.373-12 12v56c0 6.627 5.373 12 12 12h301.941v46.059c0 21.382 25.851 32.09 40.971 16.971l86.059-86.059c9.373-9.373 9.373-24.569 0-33.941l-86.059-86.059c-15.119-15.119-40.971-4.411-40.971 16.971V216z\"><\/path><\/svg>\t\t\t<\/span>\n\t\t\t\t\t\t\t\t\t<span class=\"elementor-button-text\">Letter<\/span>\n\t\t\t\t\t<\/span>\n\t\t\t\t\t<\/a>\n\t\t\t\t<\/div>\n\t\t\t\t\t\t\t\t<\/div>\n\t\t\t\t<\/div>\n\t\t\t\t<\/div>\n\t\t\t\t\t<\/div>\n\t\t\t\t<\/div>\n\t\t\t\t<\/div>\n\t\t","protected":false},"excerpt":{"rendered":"<p>Investment Funds Vista Multiestrat\u00e9gia Description Vista Multiestrat\u00e9gia is the more aggressive fund of our discretionary Global Macro strategy and aims for long-term absolute and uncorrelated returns, while mitigating the risk of permanent capital loss. The strategy seeks to build a balanced portfolio by combining directional and relative value investments with hedging instruments to protect its [&hellip;]<\/p>\n","protected":false},"author":1,"featured_media":445,"parent":0,"menu_order":0,"comment_status":"closed","ping_status":"closed","template":"elementor_header_footer","meta":{"footnotes":""},"class_list":["post-491","page","type-page","status-publish","has-post-thumbnail","hentry"],"yoast_head":"<!-- This site is optimized with the Yoast SEO plugin v27.5 - https:\/\/yoast.com\/product\/yoast-seo-wordpress\/ -->\n<title>Vista Multiestrat\u00e9gia - Vista Capital | Gestora de Investimento<\/title>\n<meta name=\"robots\" content=\"index, follow, max-snippet:-1, max-image-preview:large, max-video-preview:-1\" \/>\n<link rel=\"canonical\" href=\"https:\/\/vistacapital.com.br\/en\/vista-multiestrategia\/\" \/>\n<meta property=\"og:locale\" content=\"en_US\" \/>\n<meta property=\"og:type\" content=\"article\" \/>\n<meta property=\"og:title\" content=\"Vista Multiestrat\u00e9gia - Vista Capital | Gestora de Investimento\" \/>\n<meta property=\"og:description\" content=\"Investment Funds Vista Multiestrat\u00e9gia Description Vista Multiestrat\u00e9gia is the more aggressive fund of our discretionary Global Macro strategy and aims for long-term absolute and uncorrelated returns, while mitigating the risk of permanent capital loss. The strategy seeks to build a balanced portfolio by combining directional and relative value investments with hedging instruments to protect its [&hellip;]\" \/>\n<meta property=\"og:url\" content=\"https:\/\/vistacapital.com.br\/en\/vista-multiestrategia\/\" \/>\n<meta property=\"og:site_name\" content=\"Vista Capital | Gestora de Investimento\" \/>\n<meta property=\"article:modified_time\" content=\"2026-04-14T20:47:42+00:00\" \/>\n<meta property=\"og:image\" content=\"https:\/\/vistacapital.com.br\/wp-content\/uploads\/2025\/06\/og-vista-logo.png\" \/>\n\t<meta property=\"og:image:width\" content=\"456\" \/>\n\t<meta property=\"og:image:height\" content=\"456\" \/>\n\t<meta property=\"og:image:type\" content=\"image\/png\" \/>\n<meta name=\"twitter:card\" content=\"summary_large_image\" \/>\n<meta name=\"twitter:label1\" content=\"Est. reading time\" \/>\n\t<meta name=\"twitter:data1\" content=\"1 minute\" \/>\n<script type=\"application\/ld+json\" class=\"yoast-schema-graph\">{\"@context\":\"https:\\\/\\\/schema.org\",\"@graph\":[{\"@type\":\"WebPage\",\"@id\":\"https:\\\/\\\/vistacapital.com.br\\\/en\\\/vista-multiestrategia\\\/\",\"url\":\"https:\\\/\\\/vistacapital.com.br\\\/en\\\/vista-multiestrategia\\\/\",\"name\":\"Vista Multiestrat\u00e9gia - Vista Capital | Gestora de Investimento\",\"isPartOf\":{\"@id\":\"https:\\\/\\\/vistacapital.com.br\\\/#website\"},\"primaryImageOfPage\":{\"@id\":\"https:\\\/\\\/vistacapital.com.br\\\/en\\\/vista-multiestrategia\\\/#primaryimage\"},\"image\":{\"@id\":\"https:\\\/\\\/vistacapital.com.br\\\/en\\\/vista-multiestrategia\\\/#primaryimage\"},\"thumbnailUrl\":\"https:\\\/\\\/vistacapital.com.br\\\/wp-content\\\/uploads\\\/2025\\\/06\\\/og-vista-logo.png\",\"datePublished\":\"2025-06-10T20:44:04+00:00\",\"dateModified\":\"2026-04-14T20:47:42+00:00\",\"breadcrumb\":{\"@id\":\"https:\\\/\\\/vistacapital.com.br\\\/en\\\/vista-multiestrategia\\\/#breadcrumb\"},\"inLanguage\":\"en-US\",\"potentialAction\":[{\"@type\":\"ReadAction\",\"target\":[\"https:\\\/\\\/vistacapital.com.br\\\/en\\\/vista-multiestrategia\\\/\"]}]},{\"@type\":\"ImageObject\",\"inLanguage\":\"en-US\",\"@id\":\"https:\\\/\\\/vistacapital.com.br\\\/en\\\/vista-multiestrategia\\\/#primaryimage\",\"url\":\"https:\\\/\\\/vistacapital.com.br\\\/wp-content\\\/uploads\\\/2025\\\/06\\\/og-vista-logo.png\",\"contentUrl\":\"https:\\\/\\\/vistacapital.com.br\\\/wp-content\\\/uploads\\\/2025\\\/06\\\/og-vista-logo.png\",\"width\":456,\"height\":456},{\"@type\":\"BreadcrumbList\",\"@id\":\"https:\\\/\\\/vistacapital.com.br\\\/en\\\/vista-multiestrategia\\\/#breadcrumb\",\"itemListElement\":[{\"@type\":\"ListItem\",\"position\":1,\"name\":\"In\u00edcio\",\"item\":\"https:\\\/\\\/vistacapital.com.br\\\/en\\\/\"},{\"@type\":\"ListItem\",\"position\":2,\"name\":\"Vista Multiestrat\u00e9gia\"}]},{\"@type\":\"WebSite\",\"@id\":\"https:\\\/\\\/vistacapital.com.br\\\/#website\",\"url\":\"https:\\\/\\\/vistacapital.com.br\\\/\",\"name\":\"Vista Capital | Gestora de Investimento\",\"description\":\"\",\"publisher\":{\"@id\":\"https:\\\/\\\/vistacapital.com.br\\\/#organization\"},\"potentialAction\":[{\"@type\":\"SearchAction\",\"target\":{\"@type\":\"EntryPoint\",\"urlTemplate\":\"https:\\\/\\\/vistacapital.com.br\\\/?s={search_term_string}\"},\"query-input\":{\"@type\":\"PropertyValueSpecification\",\"valueRequired\":true,\"valueName\":\"search_term_string\"}}],\"inLanguage\":\"en-US\"},{\"@type\":\"Organization\",\"@id\":\"https:\\\/\\\/vistacapital.com.br\\\/#organization\",\"name\":\"Vista Capital | Gestora de Investimento\",\"url\":\"https:\\\/\\\/vistacapital.com.br\\\/\",\"logo\":{\"@type\":\"ImageObject\",\"inLanguage\":\"en-US\",\"@id\":\"https:\\\/\\\/vistacapital.com.br\\\/#\\\/schema\\\/logo\\\/image\\\/\",\"url\":\"https:\\\/\\\/vistacapital.com.br\\\/wp-content\\\/uploads\\\/2025\\\/06\\\/og-vista-logo.png\",\"contentUrl\":\"https:\\\/\\\/vistacapital.com.br\\\/wp-content\\\/uploads\\\/2025\\\/06\\\/og-vista-logo.png\",\"width\":456,\"height\":456,\"caption\":\"Vista Capital | Gestora de Investimento\"},\"image\":{\"@id\":\"https:\\\/\\\/vistacapital.com.br\\\/#\\\/schema\\\/logo\\\/image\\\/\"}}]}<\/script>\n<!-- \/ Yoast SEO plugin. -->","yoast_head_json":{"title":"Vista Multiestrat\u00e9gia - Vista Capital | Gestora de Investimento","robots":{"index":"index","follow":"follow","max-snippet":"max-snippet:-1","max-image-preview":"max-image-preview:large","max-video-preview":"max-video-preview:-1"},"canonical":"https:\/\/vistacapital.com.br\/en\/vista-multiestrategia\/","og_locale":"en_US","og_type":"article","og_title":"Vista Multiestrat\u00e9gia - Vista Capital | Gestora de Investimento","og_description":"Investment Funds Vista Multiestrat\u00e9gia Description Vista Multiestrat\u00e9gia is the more aggressive fund of our discretionary Global Macro strategy and aims for long-term absolute and uncorrelated returns, while mitigating the risk of permanent capital loss. The strategy seeks to build a balanced portfolio by combining directional and relative value investments with hedging instruments to protect its [&hellip;]","og_url":"https:\/\/vistacapital.com.br\/en\/vista-multiestrategia\/","og_site_name":"Vista Capital | Gestora de Investimento","article_modified_time":"2026-04-14T20:47:42+00:00","og_image":[{"width":456,"height":456,"url":"https:\/\/vistacapital.com.br\/wp-content\/uploads\/2025\/06\/og-vista-logo.png","type":"image\/png"}],"twitter_card":"summary_large_image","twitter_misc":{"Est. reading time":"1 minute"},"schema":{"@context":"https:\/\/schema.org","@graph":[{"@type":"WebPage","@id":"https:\/\/vistacapital.com.br\/en\/vista-multiestrategia\/","url":"https:\/\/vistacapital.com.br\/en\/vista-multiestrategia\/","name":"Vista Multiestrat\u00e9gia - Vista Capital | Gestora de Investimento","isPartOf":{"@id":"https:\/\/vistacapital.com.br\/#website"},"primaryImageOfPage":{"@id":"https:\/\/vistacapital.com.br\/en\/vista-multiestrategia\/#primaryimage"},"image":{"@id":"https:\/\/vistacapital.com.br\/en\/vista-multiestrategia\/#primaryimage"},"thumbnailUrl":"https:\/\/vistacapital.com.br\/wp-content\/uploads\/2025\/06\/og-vista-logo.png","datePublished":"2025-06-10T20:44:04+00:00","dateModified":"2026-04-14T20:47:42+00:00","breadcrumb":{"@id":"https:\/\/vistacapital.com.br\/en\/vista-multiestrategia\/#breadcrumb"},"inLanguage":"en-US","potentialAction":[{"@type":"ReadAction","target":["https:\/\/vistacapital.com.br\/en\/vista-multiestrategia\/"]}]},{"@type":"ImageObject","inLanguage":"en-US","@id":"https:\/\/vistacapital.com.br\/en\/vista-multiestrategia\/#primaryimage","url":"https:\/\/vistacapital.com.br\/wp-content\/uploads\/2025\/06\/og-vista-logo.png","contentUrl":"https:\/\/vistacapital.com.br\/wp-content\/uploads\/2025\/06\/og-vista-logo.png","width":456,"height":456},{"@type":"BreadcrumbList","@id":"https:\/\/vistacapital.com.br\/en\/vista-multiestrategia\/#breadcrumb","itemListElement":[{"@type":"ListItem","position":1,"name":"In\u00edcio","item":"https:\/\/vistacapital.com.br\/en\/"},{"@type":"ListItem","position":2,"name":"Vista Multiestrat\u00e9gia"}]},{"@type":"WebSite","@id":"https:\/\/vistacapital.com.br\/#website","url":"https:\/\/vistacapital.com.br\/","name":"Vista Capital | Gestora de Investimento","description":"","publisher":{"@id":"https:\/\/vistacapital.com.br\/#organization"},"potentialAction":[{"@type":"SearchAction","target":{"@type":"EntryPoint","urlTemplate":"https:\/\/vistacapital.com.br\/?s={search_term_string}"},"query-input":{"@type":"PropertyValueSpecification","valueRequired":true,"valueName":"search_term_string"}}],"inLanguage":"en-US"},{"@type":"Organization","@id":"https:\/\/vistacapital.com.br\/#organization","name":"Vista Capital | Gestora de Investimento","url":"https:\/\/vistacapital.com.br\/","logo":{"@type":"ImageObject","inLanguage":"en-US","@id":"https:\/\/vistacapital.com.br\/#\/schema\/logo\/image\/","url":"https:\/\/vistacapital.com.br\/wp-content\/uploads\/2025\/06\/og-vista-logo.png","contentUrl":"https:\/\/vistacapital.com.br\/wp-content\/uploads\/2025\/06\/og-vista-logo.png","width":456,"height":456,"caption":"Vista Capital | Gestora de Investimento"},"image":{"@id":"https:\/\/vistacapital.com.br\/#\/schema\/logo\/image\/"}}]}},"_links":{"self":[{"href":"https:\/\/vistacapital.com.br\/en\/wp-json\/wp\/v2\/pages\/491","targetHints":{"allow":["GET"]}}],"collection":[{"href":"https:\/\/vistacapital.com.br\/en\/wp-json\/wp\/v2\/pages"}],"about":[{"href":"https:\/\/vistacapital.com.br\/en\/wp-json\/wp\/v2\/types\/page"}],"author":[{"embeddable":true,"href":"https:\/\/vistacapital.com.br\/en\/wp-json\/wp\/v2\/users\/1"}],"replies":[{"embeddable":true,"href":"https:\/\/vistacapital.com.br\/en\/wp-json\/wp\/v2\/comments?post=491"}],"version-history":[{"count":133,"href":"https:\/\/vistacapital.com.br\/en\/wp-json\/wp\/v2\/pages\/491\/revisions"}],"predecessor-version":[{"id":11710,"href":"https:\/\/vistacapital.com.br\/en\/wp-json\/wp\/v2\/pages\/491\/revisions\/11710"}],"wp:featuredmedia":[{"embeddable":true,"href":"https:\/\/vistacapital.com.br\/en\/wp-json\/wp\/v2\/media\/445"}],"wp:attachment":[{"href":"https:\/\/vistacapital.com.br\/en\/wp-json\/wp\/v2\/media?parent=491"}],"curies":[{"name":"wp","href":"https:\/\/api.w.org\/{rel}","templated":true}]}}